{"id":1517,"date":"2018-04-01T18:17:18","date_gmt":"2018-04-01T18:17:18","guid":{"rendered":"https:\/\/macrae.ca\/documents-formulaires\/"},"modified":"2018-08-11T23:40:32","modified_gmt":"2018-08-11T23:40:32","slug":"documents-formulaires","status":"publish","type":"page","link":"https:\/\/macrae.ca\/fr\/documents-formulaires\/","title":{"rendered":"Documents &#038; Formulaires"},"content":{"rendered":"<p><div class=\"fusion-fullwidth fullwidth-box fusion-builder-row-1 nonhundred-percent-fullwidth non-hundred-percent-height-scrolling\" style=\"--awb-background-position:left top;--awb-border-radius-top-left:0px;--awb-border-radius-top-right:0px;--awb-border-radius-bottom-right:0px;--awb-border-radius-bottom-left:0px;--awb-padding-top:15px;--awb-padding-bottom:18px;--awb-background-color:#b1945a;--awb-border-sizes-top:0px;--awb-border-sizes-bottom:0px;--awb-flex-wrap:wrap;\" ><div class=\"fusion-builder-row fusion-row\"><div class=\"fusion-layout-column fusion_builder_column fusion-builder-column-0 fusion_builder_column_1_1 1_1 fusion-one-full fusion-column-first fusion-column-last\" style=\"--awb-bg-size:cover;\"><div class=\"fusion-column-wrapper fusion-flex-column-wrapper-legacy\"><div class=\"fusion-text fusion-text-1\"><h2 style=\"font-weight: 300; text-align: center; font-size: 28px;\">Avez-vous un projet de brevet \/ marque de commerce que nous pouvons aider?<\/h2>\n<\/div><div class=\"fusion-clearfix\"><\/div><\/div><\/div><\/div><\/div><div class=\"fusion-fullwidth fullwidth-box fusion-builder-row-2 nonhundred-percent-fullwidth non-hundred-percent-height-scrolling\" style=\"--awb-background-position:left top;--awb-border-radius-top-left:0px;--awb-border-radius-top-right:0px;--awb-border-radius-bottom-right:0px;--awb-border-radius-bottom-left:0px;--awb-padding-top:0px;--awb-padding-bottom:20px;--awb-border-sizes-top:0px;--awb-border-sizes-bottom:0px;--awb-flex-wrap:wrap;\" ><div class=\"fusion-builder-row fusion-row\"><div class=\"fusion-layout-column fusion_builder_column fusion-builder-column-1 fusion_builder_column_1_1 1_1 fusion-one-full fusion-column-first fusion-column-last\" style=\"--awb-bg-size:cover;--awb-margin-top:-22px;\"><div class=\"fusion-column-wrapper fusion-flex-column-wrapper-legacy\"><div class=\"fusion-aligncenter\"><a class=\"fusion-button button-flat fusion-button-default-size button-custom fusion-button-default button-1 fusion-button-default-span fusion-button-default-type dark-button\" style=\"--button_accent_color:#ffffff;--button_accent_hover_color:#333333;--button_border_hover_color:#333333;--button_border_width-top:2px;--button_border_width-right:2px;--button_border_width-bottom:2px;--button_border_width-left:2px;--button_gradient_top_color:#333333;--button_gradient_bottom_color:#333333;--button_gradient_top_color_hover:#ffffff;--button_gradient_bottom_color_hover:#ffffff;\" target=\"_self\" href=\"https:\/\/macrae.ca\/fr\/nos-cordonnees\/\"><span class=\"fusion-button-text awb-button__text awb-button__text--default\">Contactez-nous aujourd&rsquo;hui<\/span><\/a><\/div><div class=\"fusion-clearfix\"><\/div><\/div><\/div><\/div><\/div><div class=\"fusion-fullwidth fullwidth-box fusion-builder-row-3 nonhundred-percent-fullwidth non-hundred-percent-height-scrolling\" style=\"--awb-background-position:left top;--awb-border-radius-top-left:0px;--awb-border-radius-top-right:0px;--awb-border-radius-bottom-right:0px;--awb-border-radius-bottom-left:0px;--awb-padding-top:0px;--awb-padding-bottom:0px;--awb-border-sizes-top:0px;--awb-border-sizes-bottom:0px;--awb-flex-wrap:wrap;\" ><div class=\"fusion-builder-row fusion-row\"><div class=\"fusion-layout-column fusion_builder_column fusion-builder-column-2 fusion_builder_column_1_1 1_1 fusion-one-full fusion-column-first fusion-column-last\" style=\"--awb-padding-right:15%;--awb-padding-left:15%;--awb-bg-size:cover;--awb-margin-top:50px;--awb-margin-bottom:25px;\"><div class=\"fusion-column-wrapper fusion-flex-column-wrapper-legacy\"><div class=\"fusion-title title fusion-title-1 fusion-title-center fusion-title-text fusion-title-size-one\"><div class=\"title-sep-container title-sep-container-left\"><div class=\"title-sep sep-single sep-solid\" style=\"border-color:#c5a45e;\"><\/div><\/div><span class=\"awb-title-spacer\"><\/span><h1 class=\"fusion-title-heading title-heading-center fusion-responsive-typography-calculated\" style=\"margin:0;--fontSize:34;line-height:1.40;\">Brevets<\/h1><span class=\"awb-title-spacer\"><\/span><div class=\"title-sep-container title-sep-container-right\"><div class=\"title-sep sep-single sep-solid\" style=\"border-color:#c5a45e;\"><\/div><\/div><\/div>\n<div>\n<table class=\"documents-table\" width=\"100%\">\n<thead>\n<tr>\n<th align=\"left\" width=\"50%\">DOCUMENT<\/th>\n<th align=\"left\" width=\"50%\">DESCRIPTION<\/th>\n<\/tr>\n<\/thead>\n<tbody>\n<tr>\n<td align=\"left\"><a href=\"https:\/\/macrae.ca\/wp-content\/uploads\/2018\/03\/PatentFiling.pdf\">D\u00c9P\u00d4T DE BREVETS AU CANADA<\/a><\/td>\n<td align=\"left\">Information sur le syst\u00e8me de brevet de nouveaut\u00e9 absolue du Canada, premier d\u00e9posant.<\/td>\n<\/tr>\n<tr>\n<td align=\"left\"><a href=\"https:\/\/macrae.ca\/wp-content\/uploads\/2018\/03\/PatentInfoSheet.pdf\">FICHE D&rsquo;INFORMATION SUR LES BREVETS<\/a><\/td>\n<td align=\"left\">Document qui pr\u00e9sente les renseignements n\u00e9cessaires pour d\u00e9poser un brevet canadien, ainsi que les frais minimaux pour le d\u00e9p\u00f4t au Canada ou pour l&rsquo;entr\u00e9e en phase nationale en vertu du PCT.<\/td>\n<\/tr>\n<tr>\n<td align=\"left\"><a href=\"https:\/\/macrae.ca\/wp-content\/uploads\/2018\/03\/PatentDatasheet.pdf\">FICHE DE DONN\u00c9ES DE BREVET<\/a><\/td>\n<td align=\"left\">Une liste de v\u00e9rification pratique pr\u00e9sentant les instructions pertinentes destin\u00e9es \u00e0 \u00eatre imprim\u00e9es et utilis\u00e9es comme page de garde lors de l&rsquo;envoi de documents pour d\u00e9p\u00f4t de brevet.<\/td>\n<\/tr>\n<tr>\n<td align=\"left\"><a href=\"https:\/\/macrae.ca\/wp-content\/uploads\/2018\/03\/AssignmentPatentApplication.pdf\">ATTRIBUTION DE DEMANDE DE BREVET R\u00c9GULIER<\/a><\/td>\n<td align=\"left\">Document d&rsquo;assignation standard pour une demande de brevet ordinaire.<\/td>\n<\/tr>\n<tr>\n<td align=\"left\"><a href=\"https:\/\/macrae.ca\/wp-content\/uploads\/2018\/03\/AssignmentNNEPatentApplication.pdf\">CESSION D&rsquo;UNE DEMANDE DE BREVET D&rsquo;ENTR\u00c9E NATIONALE DU PCT<\/a><\/td>\n<td align=\"left\">Document d&rsquo;assignation standard pour une demande de brevet d&rsquo;entr\u00e9e nationale PCT.<\/td>\n<\/tr>\n<tr>\n<td align=\"left\"><a href=\"https:\/\/macrae.ca\/wp-content\/uploads\/2018\/03\/AssignmentNNEPatentApplication.pdf\" target=\"_blank\" rel=\"noopener\">ATTRIBUTION DE BREVET<\/a><\/td>\n<td align=\"left\">Document d&rsquo;assignation standard pour un brevet d\u00e9livr\u00e9.<\/td>\n<\/tr>\n<tr>\n<td align=\"left\"><a href=\"https:\/\/macrae.ca\/wp-content\/uploads\/2018\/03\/Revocation.pdf\" target=\"_blank\" rel=\"noopener\">R\u00c9VOCATION-NOMINATION<\/a><\/td>\n<td align=\"left\">Pour r\u00e9voquer un agent pr\u00e9c\u00e9dent, et nommer MacRae &amp; amp; Co. en tant que nouvel agent \/ repr\u00e9sentant pour le service de brevets \/ applications.<\/td>\n<\/tr>\n<tr>\n<td colspan=\"2\" align=\"left\">D\u00c9CLARATIONS DE PETITES ENTIT\u00c9S<\/td>\n<\/tr>\n<tr>\n<td style=\"border-bottom: 0px;\" align=\"left\">Regular Applications\/Patents<br \/>\n<a href=\"https:\/\/macrae.ca\/wp-content\/uploads\/2018\/03\/SEDReg.pdf\">Class\u00e9 apr\u00e8s le 2 juin 2007<\/a><br \/>\n<a href=\"https:\/\/macrae.ca\/wp-content\/uploads\/2018\/03\/SEVFRegPost.pdf\">Class\u00e9 apr\u00e8s le 1er octobre 1996 au 1 juin 2007<\/a><br \/>\n<a href=\"https:\/\/macrae.ca\/wp-content\/uploads\/2018\/03\/SEVFRegPre.pdf\">D\u00e9pos\u00e9 avant le 1er octobre 1996<\/a><\/td>\n<td style=\"border-bottom: 0px;\"><\/td>\n<\/tr>\n<tr>\n<td style=\"border-top: 0px; border-bottom: 0px; padding-bottom: 0px;\" align=\"left\">Applications PCT \/ Brevets<br \/>\n<a href=\"https:\/\/macrae.ca\/wp-content\/uploads\/2018\/03\/SEDPCT.pdf\">NED Apr\u00e8s le 2 juin 2007<\/a><\/td>\n<td style=\"border-top: 0px; border-bottom: 0px; padding-bottom: 0px;\"><\/td>\n<\/tr>\n<tr>\n<td style=\"border-top: 0px; border-bottom: 0px; padding-top: 0px; padding-bottom: 0px;\" align=\"left\"><a href=\"https:\/\/macrae.ca\/wp-content\/uploads\/2018\/03\/SEVFPCTPost.pdf\">IFD Apr\u00e8s le 1er octobre 1996 au 1er juin 2007<\/a><\/td>\n<td style=\"border-top: 0px; border-bottom: 0px; padding-top: 0px; padding-bottom: 0px;\" align=\"left\">IFD = date de d\u00e9p\u00f4t international<\/td>\n<\/tr>\n<tr>\n<td style=\"border-top: 0px; padding-top: 0px;\" align=\"left\"><a href=\"https:\/\/macrae.ca\/wp-content\/uploads\/2018\/03\/SEVFPCTBoth.pdf\">IFD Avant le 1er octobre 1996 et NED apr\u00e8s le 1er octobre 1996<\/a><\/td>\n<td style=\"border-top: 0px; padding-top: 0px;\" align=\"left\">NED = date d&rsquo;entr\u00e9e nationale<\/td>\n<\/tr>\n<\/tbody>\n<\/table>\n<\/div>\n<div class=\"fusion-clearfix\"><\/div><\/div><\/div><\/div><\/div><div class=\"fusion-fullwidth fullwidth-box fusion-builder-row-4 nonhundred-percent-fullwidth non-hundred-percent-height-scrolling\" style=\"--awb-background-position:left top;--awb-border-radius-top-left:0px;--awb-border-radius-top-right:0px;--awb-border-radius-bottom-right:0px;--awb-border-radius-bottom-left:0px;--awb-padding-top:0px;--awb-padding-bottom:0px;--awb-border-sizes-top:0px;--awb-border-sizes-bottom:0px;--awb-flex-wrap:wrap;\" ><div class=\"fusion-builder-row fusion-row\"><div class=\"fusion-layout-column fusion_builder_column fusion-builder-column-3 fusion_builder_column_1_1 1_1 fusion-one-full fusion-column-first fusion-column-last\" style=\"--awb-padding-right:15%;--awb-padding-left:15%;--awb-bg-size:cover;--awb-margin-top:50px;--awb-margin-bottom:25px;\"><div class=\"fusion-column-wrapper fusion-flex-column-wrapper-legacy\"><div class=\"fusion-title title fusion-title-2 fusion-title-center fusion-title-text fusion-title-size-one\"><div class=\"title-sep-container title-sep-container-left\"><div class=\"title-sep sep-single sep-solid\" style=\"border-color:#c5a45e;\"><\/div><\/div><span class=\"awb-title-spacer\"><\/span><h1 class=\"fusion-title-heading title-heading-center fusion-responsive-typography-calculated\" style=\"margin:0;--fontSize:34;line-height:1.40;\">Marques de commerce<\/h1><span class=\"awb-title-spacer\"><\/span><div class=\"title-sep-container title-sep-container-right\"><div class=\"title-sep sep-single sep-solid\" style=\"border-color:#c5a45e;\"><\/div><\/div><\/div>\n<table class=\"documents-table\" width=\"100%\">\n<thead>\n<tr>\n<th align=\"left\" width=\"50%\">DOCUMENT<\/th>\n<th align=\"left\" width=\"50%\">DESCRIPTION<\/th>\n<\/tr>\n<\/thead>\n<tbody>\n<tr>\n<td align=\"left\"><a href=\"https:\/\/macrae.ca\/wp-content\/uploads\/2018\/04\/TMInfoSheet.pdf\">Exigences de d\u00e9p\u00f4t &amp; amp; CO\u00dbTS<\/a><\/td>\n<td align=\"left\">Document exposant l&rsquo;information dont nous avons besoin pour d\u00e9poser une demande d&rsquo;enregistrement de marque de commerce canadienne<\/td>\n<\/tr>\n<tr>\n<td colspan=\"2\">ASSIGNATIONS<\/td>\n<\/tr>\n<tr>\n<td align=\"left\"><a href=\"https:\/\/macrae.ca\/wp-content\/uploads\/2018\/04\/AssignmentTMAppln.pdf\">APPLICATION SIMPLE<\/a><\/td>\n<td align=\"left\">Document d&rsquo;assignation standard pour une seule demande de marque de commerce.<\/td>\n<\/tr>\n<tr>\n<td align=\"left\"><a href=\"https:\/\/macrae.ca\/wp-content\/uploads\/2018\/04\/AssignmentTMApplnS.pdf\">APPLICATIONS MULTIPLES<\/a><\/td>\n<td align=\"left\">Document d&rsquo;assignation standard pour plusieurs applications de marque de commerce.<\/td>\n<\/tr>\n<tr>\n<td align=\"left\"><a href=\"https:\/\/macrae.ca\/wp-content\/uploads\/2018\/04\/AssignmentTMRegn.pdf\">ENREGISTREMENT SIMPLE<\/a><\/td>\n<td align=\"left\">Document d&rsquo;assignation standard pour une seule marque d\u00e9pos\u00e9e.<\/td>\n<\/tr>\n<tr>\n<td align=\"left\"><a href=\"https:\/\/macrae.ca\/wp-content\/uploads\/2018\/04\/AssignmentTMRegnS.pdf\">MULTIPLE REGISTRATIONS<\/a><\/td>\n<td align=\"left\">Document d&rsquo;assignation standard pour plusieurs marques d\u00e9pos\u00e9es.<\/td>\n<\/tr>\n<\/tbody>\n<\/table>\n<div class=\"fusion-clearfix\"><\/div><\/div><\/div><\/div><\/div><div class=\"fusion-fullwidth fullwidth-box fusion-builder-row-5 nonhundred-percent-fullwidth non-hundred-percent-height-scrolling\" style=\"--awb-background-position:left top;--awb-border-radius-top-left:0px;--awb-border-radius-top-right:0px;--awb-border-radius-bottom-right:0px;--awb-border-radius-bottom-left:0px;--awb-padding-top:0px;--awb-padding-bottom:0px;--awb-border-sizes-top:0px;--awb-border-sizes-bottom:0px;--awb-flex-wrap:wrap;\" ><div class=\"fusion-builder-row fusion-row\"><div class=\"fusion-layout-column fusion_builder_column fusion-builder-column-4 fusion_builder_column_1_1 1_1 fusion-one-full fusion-column-first fusion-column-last\" style=\"--awb-padding-right:15%;--awb-padding-left:15%;--awb-bg-size:cover;--awb-margin-top:50px;--awb-margin-bottom:25px;\"><div class=\"fusion-column-wrapper fusion-flex-column-wrapper-legacy\"><div class=\"fusion-title title fusion-title-3 fusion-title-center fusion-title-text fusion-title-size-one\"><div class=\"title-sep-container title-sep-container-left\"><div class=\"title-sep sep-single sep-solid\" style=\"border-color:#c5a45e;\"><\/div><\/div><span class=\"awb-title-spacer\"><\/span><h1 class=\"fusion-title-heading title-heading-center fusion-responsive-typography-calculated\" style=\"margin:0;--fontSize:34;line-height:1.40;\"><b>Dessins industriels<\/b><\/h1><span class=\"awb-title-spacer\"><\/span><div class=\"title-sep-container title-sep-container-right\"><div class=\"title-sep sep-single sep-solid\" style=\"border-color:#c5a45e;\"><\/div><\/div><\/div>\n<table class=\"documents-table\" width=\"100%\">\n<thead>\n<tr>\n<th align=\"left\" width=\"50%\">DOCUMENT<\/th>\n<th align=\"left\" width=\"50%\">DESCRIPTION<\/th>\n<\/tr>\n<\/thead>\n<tbody>\n<tr>\n<td align=\"left\"><a href=\"https:\/\/macrae.ca\/wp-content\/uploads\/2018\/04\/IDInfoSheet.pdf\">EXIGENCES DE D\u00c9P\u00d4T<\/a><\/td>\n<td align=\"left\">Document d\u00e9crivant les renseignements dont nous avons besoin pour d\u00e9poser une demande d&rsquo;enregistrement de dessin ou mod\u00e8le industriel canadien.<\/td>\n<\/tr>\n<\/tbody>\n<\/table>\n<div class=\"fusion-clearfix\"><\/div><\/div><\/div><\/div><\/div><div class=\"fusion-fullwidth fullwidth-box fusion-builder-row-6 nonhundred-percent-fullwidth non-hundred-percent-height-scrolling\" style=\"--awb-background-position:left top;--awb-border-radius-top-left:0px;--awb-border-radius-top-right:0px;--awb-border-radius-bottom-right:0px;--awb-border-radius-bottom-left:0px;--awb-padding-top:0px;--awb-padding-bottom:0px;--awb-border-sizes-top:0px;--awb-border-sizes-bottom:0px;--awb-flex-wrap:wrap;\" ><div class=\"fusion-builder-row fusion-row\"><div class=\"fusion-layout-column fusion_builder_column fusion-builder-column-5 fusion_builder_column_1_1 1_1 fusion-one-full fusion-column-first fusion-column-last\" style=\"--awb-padding-right:15%;--awb-padding-left:15%;--awb-bg-size:cover;--awb-margin-top:50px;--awb-margin-bottom:25px;\"><div class=\"fusion-column-wrapper fusion-flex-column-wrapper-legacy\"><div class=\"fusion-title title fusion-title-4 fusion-title-center fusion-title-text fusion-title-size-one\"><div class=\"title-sep-container title-sep-container-left\"><div class=\"title-sep sep-single sep-solid\" style=\"border-color:#c5a45e;\"><\/div><\/div><span class=\"awb-title-spacer\"><\/span><h1 class=\"fusion-title-heading title-heading-center fusion-responsive-typography-calculated\" style=\"margin:0;--fontSize:34;line-height:1.40;\"><b>Copyright<\/b><\/h1><span class=\"awb-title-spacer\"><\/span><div class=\"title-sep-container title-sep-container-right\"><div class=\"title-sep sep-single sep-solid\" style=\"border-color:#c5a45e;\"><\/div><\/div><\/div>\n<table class=\"documents-table\" width=\"100%\">\n<thead>\n<tr>\n<th align=\"left\" width=\"50%\">DOCUMENT<\/th>\n<th align=\"left\" width=\"50%\">DESCRIPTION<\/th>\n<\/tr>\n<\/thead>\n<tbody>\n<tr>\n<td align=\"left\"><a href=\"https:\/\/macrae.ca\/wp-content\/uploads\/2018\/04\/CopyrightInfo.pdf\">EXIGENCES DE D\u00c9P\u00d4T<\/a><\/td>\n<td align=\"left\">Document d\u00e9crivant les informations dont nous avons besoin pour d\u00e9poser une demande de droit d&rsquo;auteur canadien.<\/td>\n<\/tr>\n<\/tbody>\n<\/table>\n<div class=\"fusion-clearfix\"><\/div><\/div><\/div><\/div><\/div><div class=\"fusion-bg-parallax\" data-bg-align=\"center bottom\" data-direction=\"down\" data-mute=\"false\" data-opacity=\"100\" data-velocity=\"-0.3\" data-mobile-enabled=\"false\" data-break_parents=\"0\" data-bg-image=\"https:\/\/macrae.ca\/wp-content\/uploads\/2018\/05\/AdobeStock_97870858_red-1-1024x440.jpeg\" data-bg-repeat=\"false\" data-bg-color=\"#3f3f3f\" ><\/div><div class=\"fusion-fullwidth fullwidth-box fusion-builder-row-7 fusion-parallax-down nonhundred-percent-fullwidth non-hundred-percent-height-scrolling fusion-equal-height-columns\" style=\"--awb-background-position:center bottom;--awb-border-radius-top-left:0px;--awb-border-radius-top-right:0px;--awb-border-radius-bottom-right:0px;--awb-border-radius-bottom-left:0px;--awb-padding-top:100px;--awb-padding-bottom:90px;--awb-background-color:#3f3f3f;--awb-background-image:url(&quot;https:\/\/macrae.ca\/wp-content\/uploads\/2018\/05\/AdobeStock_97870858_red-1-1024x440.jpeg&quot;);--awb-background-size:cover;--awb-border-sizes-top:0px;--awb-border-sizes-bottom:0px;--awb-flex-wrap:wrap;\" ><div class=\"fusion-builder-row fusion-row\"><div class=\"fusion-layout-column fusion_builder_column fusion-builder-column-6 fusion_builder_column_2_3 2_3 fusion-two-third fusion-column-first\" style=\"--awb-bg-size:cover;--awb-margin-bottom:25px;width:66.666666666667%;width:calc(66.666666666667% - ( ( 50px ) * 0.66666666666667 ) );margin-right: 50px;\"><div class=\"fusion-column-wrapper fusion-flex-column-wrapper-legacy\"><div class=\"fusion-column-content-centered\"><div class=\"fusion-column-content\"><div class=\"fusion-text fusion-text-2\"><h1 style=\"font-weight: 300;\"><span style=\"color: #ffffff;\">Services de protection de la propri\u00e9t\u00e9 intellectuelle rentables<\/span><\/h1>\n<\/div><div class=\"fusion-sep-clear\"><\/div><div class=\"fusion-separator fusion-clearfix\" style=\"float:left;margin-top:0px;margin-bottom:30px;width:100%;max-width:206px;\"><div class=\"fusion-separator-border sep-single sep-solid\" style=\"--awb-height:20px;--awb-amount:20px;border-color:#c5a45e;border-top-width:2px;\"><\/div><\/div><div class=\"fusion-sep-clear\"><\/div><div class=\"fusion-text fusion-text-3\"><h3><span style=\"color: #ffffff;\">MacRae &amp; Co. est l\u2019un des dix principaux d\u00e9clarants aupr\u00e8s du Bureau canadien des marques de commerce.<\/span><\/h3>\n<\/div><\/div><\/div><div class=\"fusion-clearfix\"><\/div><\/div><\/div><div class=\"fusion-layout-column fusion_builder_column fusion-builder-column-7 fusion_builder_column_1_3 1_3 fusion-one-third fusion-column-last\" style=\"--awb-bg-size:cover;width:33.333333333333%;width:calc(33.333333333333% - ( ( 50px ) * 0.33333333333333 ) );\"><div class=\"fusion-column-wrapper fusion-flex-column-wrapper-legacy\"><div class=\"fusion-column-content-centered\"><div class=\"fusion-column-content\"><div class=\"fusion-alignleft\"><a class=\"fusion-button button-flat button-xlarge button-default fusion-button-default button-2 fusion-button-default-span fusion-button-default-type\" target=\"_self\" href=\"https:\/\/macrae.ca\/fr\/nos-cordonnees\/\"><span class=\"fusion-button-text awb-button__text awb-button__text--default\">CONTACTEZ-NOUS AUJOURD&rsquo;HUI <\/span><\/a><\/div><div class=\"fusion-sep-clear\"><\/div><div class=\"fusion-separator fusion-full-width-sep\" style=\"margin-left: auto;margin-right: auto;margin-top:10px;width:100%;\"><\/div><div class=\"fusion-sep-clear\"><\/div><\/div><\/div><div class=\"fusion-clearfix\"><\/div><\/div><\/div><\/div><\/div>\n<\/p>\n","protected":false},"excerpt":{"rendered":"","protected":false},"author":1,"featured_media":0,"parent":0,"menu_order":0,"comment_status":"closed","ping_status":"closed","template":"100-width.php","meta":{"_exactmetrics_skip_tracking":false,"_exactmetrics_sitenote_active":false,"_exactmetrics_sitenote_note":"","_exactmetrics_sitenote_category":0,"footnotes":""},"class_list":["post-1517","page","type-page","status-publish","hentry"],"_links":{"self":[{"href":"https:\/\/macrae.ca\/fr\/wp-json\/wp\/v2\/pages\/1517\/"}],"collection":[{"href":"https:\/\/macrae.ca\/fr\/wp-json\/wp\/v2\/pages\/"}],"about":[{"href":"https:\/\/macrae.ca\/fr\/wp-json\/wp\/v2\/types\/page\/"}],"author":[{"embeddable":true,"href":"https:\/\/macrae.ca\/fr\/wp-json\/wp\/v2\/users\/1\/"}],"replies":[{"embeddable":true,"href":"https:\/\/macrae.ca\/fr\/wp-json\/wp\/v2\/comments\/?post=1517"}],"version-history":[{"count":14,"href":"https:\/\/macrae.ca\/fr\/wp-json\/wp\/v2\/pages\/1517\/revisions\/"}],"predecessor-version":[{"id":1529,"href":"https:\/\/macrae.ca\/fr\/wp-json\/wp\/v2\/pages\/1517\/revisions\/1529\/"}],"wp:attachment":[{"href":"https:\/\/macrae.ca\/fr\/wp-json\/wp\/v2\/media\/?parent=1517"}],"curies":[{"name":"wp","href":"https:\/\/api.w.org\/{rel}","templated":true}]}}